{"id":7660,"date":"2021-08-18T13:10:21","date_gmt":"2021-08-18T13:10:21","guid":{"rendered":"https:\/\/hvsgroup.com.tr\/vizyon\/"},"modified":"2022-06-30T07:39:38","modified_gmt":"2022-06-30T07:39:38","slug":"vizyon","status":"publish","type":"page","link":"https:\/\/hvsgroup.com.tr\/de\/vizyon\/","title":{"rendered":"Vision"},"content":{"rendered":"<p>[vc_row][vc_column][vc_empty_space][\/vc_column][\/vc_row][vc_row][vc_column width=&#8220;1\/5&#8243; el_class=&#8220;no_stripe&#8220;][vc_empty_space][vc_wp_custommenu nav_menu=&#8220;72&#8243; el_class=&#8220;afk&#8220;][\/vc_column][vc_column width=&#8220;4\/5&#8243;][vc_custom_heading stripe_pos=&#8220;hide&#8220; source=&#8220;post_title&#8220; use_theme_fonts=&#8220;yes&#8220;][vc_column_text]Als renommiertes Unternehmen, das Dienstleistungen und Produkte f\u00fcr die Sektoren in seinem T\u00e4tigkeitsbereich liefert, handelt die HVS GROUP mit der Vision, in jedem Bereich, in dem sie t\u00e4tig ist, ein Pionier zu sein, der sich in der T\u00fcrkei und auf internationaler Ebene stark f\u00fcr seine ethischen Werte engagiert.[\/vc_column_text][\/vc_column][\/vc_row]<\/p>\n","protected":false},"excerpt":{"rendered":"<p>[vc_row][vc_column][vc_empty_space][\/vc_column][\/vc_row][vc_row][vc_column width=&#8220;1\/5&#8243; el_class=&#8220;no_stripe&#8220;][vc_empty_space][vc_wp_custommenu nav_menu=&#8220;72&#8243; el_class=&#8220;afk&#8220;][\/vc_column][vc_column width=&#8220;4\/5&#8243;][vc_custom_heading stripe_pos=&#8220;hide&#8220; source=&#8220;post_title&#8220; use_theme_fonts=&#8220;yes&#8220;][vc_column_text]Als renommiertes Unternehmen, das Dienstleistungen und Produkte f\u00fcr die Sektoren in seinem T\u00e4tigkeitsbereich liefert, handelt die HVS GROUP mit der Vision, in jedem Bereich, in dem sie t\u00e4tig ist, ein Pionier zu sein, der sich in der T\u00fcrkei und auf internationaler Ebene stark f\u00fcr seine ethischen Werte<\/p>\n","protected":false},"author":1,"featured_media":0,"parent":0,"menu_order":0,"comment_status":"closed","ping_status":"closed","template":"","meta":[],"_links":{"self":[{"href":"https:\/\/hvsgroup.com.tr\/de\/wp-json\/wp\/v2\/pages\/7660\/"}],"collection":[{"href":"https:\/\/hvsgroup.com.tr\/de\/wp-json\/wp\/v2\/pages\/"}],"about":[{"href":"https:\/\/hvsgroup.com.tr\/de\/wp-json\/wp\/v2\/types\/page\/"}],"author":[{"embeddable":true,"href":"https:\/\/hvsgroup.com.tr\/de\/wp-json\/wp\/v2\/users\/1\/"}],"replies":[{"embeddable":true,"href":"https:\/\/hvsgroup.com.tr\/de\/wp-json\/wp\/v2\/comments\/?post=7660"}],"version-history":[{"count":2,"href":"https:\/\/hvsgroup.com.tr\/de\/wp-json\/wp\/v2\/pages\/7660\/revisions\/"}],"predecessor-version":[{"id":7662,"href":"https:\/\/hvsgroup.com.tr\/de\/wp-json\/wp\/v2\/pages\/7660\/revisions\/7662\/"}],"wp:attachment":[{"href":"https:\/\/hvsgroup.com.tr\/de\/wp-json\/wp\/v2\/media\/?parent=7660"}],"curies":[{"name":"wp","href":"https:\/\/api.w.org\/{rel}","templated":true}]}}